{"id":6294,"date":"2019-01-29T19:25:25","date_gmt":"2019-01-29T18:25:25","guid":{"rendered":"http:\/\/www.mirador4vientos.com\/blog_para_bodas_madrid\/?page_id=6294"},"modified":"2019-01-29T19:25:25","modified_gmt":"2019-01-29T18:25:25","slug":"invitados","status":"publish","type":"page","link":"http:\/\/www.mirador4vientos.com\/blog_para_bodas_madrid\/invitados\/","title":{"rendered":"Invitados"},"content":{"rendered":"<p>\u00bfY qu\u00e9 pasa con los invitados? Si sois novios deb\u00e9is conocer todos los tips para hacer que vuestros invitados se sientan lo m\u00e1s a gusto posible en vuestra celebraci\u00f3n. Y si eres invitado debes saber el protocolo de vestimenta o de comportamiento a la hora de acudir a este importante evento.<br \/>\nParece lo menos importante pero prestar atenci\u00f3n a esto es lo que har\u00e1 que tu evento no sea un fracaso.<br \/>\nSigue leyendo&#8230;<\/p>\n","protected":false},"excerpt":{"rendered":"<p>\u00bfY qu\u00e9 pasa con los invitados? Si sois novios deb\u00e9is conocer todos los tips para hacer que vuestros invitados se sientan lo m\u00e1s a gusto posible en vuestra celebraci\u00f3n. Y si eres invitado debes saber el protocolo de vestimenta o de comportamiento a la hora de acudir a este importante evento. Parece lo menos importante&#8230;<\/p>\n","protected":false},"author":1,"featured_media":0,"parent":0,"menu_order":0,"comment_status":"closed","ping_status":"closed","template":"","meta":[],"_links":{"self":[{"href":"http:\/\/www.mirador4vientos.com\/blog_para_bodas_madrid\/wp-json\/wp\/v2\/pages\/6294"}],"collection":[{"href":"http:\/\/www.mirador4vientos.com\/blog_para_bodas_madrid\/wp-json\/wp\/v2\/pages"}],"about":[{"href":"http:\/\/www.mirador4vientos.com\/blog_para_bodas_madrid\/wp-json\/wp\/v2\/types\/page"}],"author":[{"embeddable":true,"href":"http:\/\/www.mirador4vientos.com\/blog_para_bodas_madrid\/wp-json\/wp\/v2\/users\/1"}],"replies":[{"embeddable":true,"href":"http:\/\/www.mirador4vientos.com\/blog_para_bodas_madrid\/wp-json\/wp\/v2\/comments?post=6294"}],"version-history":[{"count":1,"href":"http:\/\/www.mirador4vientos.com\/blog_para_bodas_madrid\/wp-json\/wp\/v2\/pages\/6294\/revisions"}],"predecessor-version":[{"id":6296,"href":"http:\/\/www.mirador4vientos.com\/blog_para_bodas_madrid\/wp-json\/wp\/v2\/pages\/6294\/revisions\/6296"}],"wp:attachment":[{"href":"http:\/\/www.mirador4vientos.com\/blog_para_bodas_madrid\/wp-json\/wp\/v2\/media?parent=6294"}],"curies":[{"name":"wp","href":"https:\/\/api.w.org\/{rel}","templated":true}]}}