{"id":6291,"date":"2019-01-29T19:19:44","date_gmt":"2019-01-29T18:19:44","guid":{"rendered":"http:\/\/www.mirador4vientos.com\/blog_para_bodas_madrid\/?page_id=6291"},"modified":"2019-01-29T19:19:44","modified_gmt":"2019-01-29T18:19:44","slug":"novios","status":"publish","type":"page","link":"http:\/\/www.mirador4vientos.com\/blog_para_bodas_madrid\/novios\/","title":{"rendered":"Novios"},"content":{"rendered":"<p>Todo el contenido acerca de lo que los novios deben organizar para su boda. Consejos, herramientas, explicaciones de c\u00f3mo hacer cada tarea de manera r\u00e1pida y f\u00e1cil para que vuestro evento se convierta en un \u00e9xito.<br \/>\nLeed atentamente, seguro que os interesa ponerlo en pr\u00e1ctica.<\/p>\n","protected":false},"excerpt":{"rendered":"<p>Todo el contenido acerca de lo que los novios deben organizar para su boda. Consejos, herramientas, explicaciones de c\u00f3mo hacer cada tarea de manera r\u00e1pida y f\u00e1cil para que vuestro evento se convierta en un \u00e9xito. Leed atentamente, seguro que os interesa ponerlo en pr\u00e1ctica.<\/p>\n","protected":false},"author":1,"featured_media":0,"parent":0,"menu_order":0,"comment_status":"closed","ping_status":"closed","template":"","meta":[],"_links":{"self":[{"href":"http:\/\/www.mirador4vientos.com\/blog_para_bodas_madrid\/wp-json\/wp\/v2\/pages\/6291"}],"collection":[{"href":"http:\/\/www.mirador4vientos.com\/blog_para_bodas_madrid\/wp-json\/wp\/v2\/pages"}],"about":[{"href":"http:\/\/www.mirador4vientos.com\/blog_para_bodas_madrid\/wp-json\/wp\/v2\/types\/page"}],"author":[{"embeddable":true,"href":"http:\/\/www.mirador4vientos.com\/blog_para_bodas_madrid\/wp-json\/wp\/v2\/users\/1"}],"replies":[{"embeddable":true,"href":"http:\/\/www.mirador4vientos.com\/blog_para_bodas_madrid\/wp-json\/wp\/v2\/comments?post=6291"}],"version-history":[{"count":1,"href":"http:\/\/www.mirador4vientos.com\/blog_para_bodas_madrid\/wp-json\/wp\/v2\/pages\/6291\/revisions"}],"predecessor-version":[{"id":6293,"href":"http:\/\/www.mirador4vientos.com\/blog_para_bodas_madrid\/wp-json\/wp\/v2\/pages\/6291\/revisions\/6293"}],"wp:attachment":[{"href":"http:\/\/www.mirador4vientos.com\/blog_para_bodas_madrid\/wp-json\/wp\/v2\/media?parent=6291"}],"curies":[{"name":"wp","href":"https:\/\/api.w.org\/{rel}","templated":true}]}}